{"id":2376,"date":"2024-11-23T17:20:28","date_gmt":"2024-11-23T17:20:28","guid":{"rendered":"https:\/\/webnasc.com\/eldorado\/?page_id=2376"},"modified":"2024-11-27T13:18:14","modified_gmt":"2024-11-27T13:18:14","slug":"home","status":"publish","type":"page","link":"https:\/\/webnasc.com\/eldorado\/","title":{"rendered":"Home"},"content":{"rendered":"\t\t<div data-elementor-type=\"wp-page\" data-elementor-id=\"2376\" class=\"elementor elementor-2376\" data-elementor-post-type=\"page\">\n\t\t\t\t\t\t<section class=\"elementor-section elementor-top-section elementor-element elementor-element-c589724 elementor-section-boxed elementor-section-height-default elementor-section-height-default\" data-id=\"c589724\" data-element_type=\"section\">\n\t\t\t\t\t\t<div class=\"elementor-container elementor-column-gap-default\">\n\t\t\t\t\t<div class=\"elementor-column elementor-col-100 elementor-top-column elementor-element elementor-element-8dd8ec3\" data-id=\"8dd8ec3\" data-element_type=\"column\">\n\t\t\t<div class=\"elementor-widget-wrap elementor-element-populated\">\n\t\t\t\t\t\t<div class=\"elementor-element elementor-element-d702405 elementor-grid-3 elementor-grid-tablet-2 elementor-grid-mobile-1 elementor-posts--thumbnail-top elementor-widget elementor-widget-posts\" data-id=\"d702405\" data-element_type=\"widget\" data-settings=\"{&quot;classic_columns&quot;:&quot;3&quot;,&quot;classic_columns_tablet&quot;:&quot;2&quot;,&quot;classic_columns_mobile&quot;:&quot;1&quot;,&quot;classic_row_gap&quot;:{&quot;unit&quot;:&quot;px&quot;,&quot;size&quot;:35,&quot;sizes&quot;:[]},&quot;classic_row_gap_tablet&quot;:{&quot;unit&quot;:&quot;px&quot;,&quot;size&quot;:&quot;&quot;,&quot;sizes&quot;:[]},&quot;classic_row_gap_mobile&quot;:{&quot;unit&quot;:&quot;px&quot;,&quot;size&quot;:&quot;&quot;,&quot;sizes&quot;:[]}}\" data-widget_type=\"posts.classic\">\n\t\t\t\t<div class=\"elementor-widget-container\">\n\t\t\t\t\t\t\t<div class=\"elementor-posts-container elementor-posts elementor-posts--skin-classic elementor-grid\">\n\t\t\t\t<article class=\"elementor-post elementor-grid-item post-2277 post type-post status-publish format-standard has-post-thumbnail hentry category-saude-de-beleza\">\n\t\t\t\t<a class=\"elementor-post__thumbnail__link\" href=\"https:\/\/webnasc.com\/eldorado\/os-melhores-gadgets-para-modernizar-e-criar-do-zero-sua-casa-inteligente\/\" tabindex=\"-1\" >\n\t\t\t<div class=\"elementor-post__thumbnail\"><img fetchpriority=\"high\" decoding=\"async\" width=\"300\" height=\"200\" src=\"https:\/\/webnasc.com\/eldorado\/wp-content\/uploads\/2024\/10\/102347-300x200.jpg\" class=\"attachment-medium size-medium wp-image-2278\" alt=\"Os melhores gadgets para modernizar e criar do zero sua casa inteligente\" srcset=\"https:\/\/webnasc.com\/eldorado\/wp-content\/uploads\/2024\/10\/102347-300x200.jpg 300w, https:\/\/webnasc.com\/eldorado\/wp-content\/uploads\/2024\/10\/102347-1024x684.jpg 1024w, https:\/\/webnasc.com\/eldorado\/wp-content\/uploads\/2024\/10\/102347-768x513.jpg 768w, https:\/\/webnasc.com\/eldorado\/wp-content\/uploads\/2024\/10\/102347-1536x1025.jpg 1536w, https:\/\/webnasc.com\/eldorado\/wp-content\/uploads\/2024\/10\/102347-1920x1282.jpg 1920w, https:\/\/webnasc.com\/eldorado\/wp-content\/uploads\/2024\/10\/102347-1170x781.jpg 1170w, https:\/\/webnasc.com\/eldorado\/wp-content\/uploads\/2024\/10\/102347-585x390.jpg 585w, https:\/\/webnasc.com\/eldorado\/wp-content\/uploads\/2024\/10\/102347-263x175.jpg 263w, https:\/\/webnasc.com\/eldorado\/wp-content\/uploads\/2024\/10\/102347.jpg 2000w\" sizes=\"(max-width: 300px) 100vw, 300px\" \/><\/div>\n\t\t<\/a>\n\t\t\t\t<div class=\"elementor-post__text\">\n\t\t\t\t<h3 class=\"elementor-post__title\">\n\t\t\t<a href=\"https:\/\/webnasc.com\/eldorado\/os-melhores-gadgets-para-modernizar-e-criar-do-zero-sua-casa-inteligente\/\" >\n\t\t\t\tOs melhores gadgets para modernizar e criar do zero sua casa inteligente\t\t\t<\/a>\n\t\t<\/h3>\n\t\t\t\t<div class=\"elementor-post__meta-data\">\n\t\t\t\t\t<span class=\"elementor-post-date\">\n\t\t\t17 de outubro de 2024\t\t<\/span>\n\t\t\t\t<span class=\"elementor-post-avatar\">\n\t\t\tNenhum coment\u00e1rio\t\t<\/span>\n\t\t\t\t<\/div>\n\t\t\t\t<div class=\"elementor-post__excerpt\">\n\t\t\t<p>Transformar sua casa em um ambiente inteligente \u00e9 uma das maiores tend\u00eancias tecnol\u00f3gicas dos \u00faltimos anos: com a automa\u00e7\u00e3o e gadgets conectados, \u00e9 poss\u00edvel controlar<\/p>\n\t\t<\/div>\n\t\t\n\t\t<a class=\"elementor-post__read-more\" href=\"https:\/\/webnasc.com\/eldorado\/os-melhores-gadgets-para-modernizar-e-criar-do-zero-sua-casa-inteligente\/\" aria-label=\"Read more about Os melhores gadgets para modernizar e criar do zero sua casa inteligente\" tabindex=\"-1\" >\n\t\t\tRead More \u00bb\t\t<\/a>\n\n\t\t\t\t<\/div>\n\t\t\t\t<\/article>\n\t\t\t\t<article class=\"elementor-post elementor-grid-item post-2270 post type-post status-publish format-standard has-post-thumbnail hentry category-saude-de-beleza\">\n\t\t\t\t<a class=\"elementor-post__thumbnail__link\" href=\"https:\/\/webnasc.com\/eldorado\/doces-gourmet-para-abastecer-sua-despensa-com-um-toque-extra-de-sabor\/\" tabindex=\"-1\" >\n\t\t\t<div class=\"elementor-post__thumbnail\"><img decoding=\"async\" width=\"300\" height=\"200\" src=\"https:\/\/webnasc.com\/eldorado\/wp-content\/uploads\/2024\/10\/2148357787-300x200.jpg\" class=\"attachment-medium size-medium wp-image-2271\" alt=\"Doces gourmet para abastecer sua despensa com um toque extra de sabor\" srcset=\"https:\/\/webnasc.com\/eldorado\/wp-content\/uploads\/2024\/10\/2148357787-300x200.jpg 300w, https:\/\/webnasc.com\/eldorado\/wp-content\/uploads\/2024\/10\/2148357787-1024x684.jpg 1024w, https:\/\/webnasc.com\/eldorado\/wp-content\/uploads\/2024\/10\/2148357787-768x513.jpg 768w, https:\/\/webnasc.com\/eldorado\/wp-content\/uploads\/2024\/10\/2148357787-1536x1025.jpg 1536w, https:\/\/webnasc.com\/eldorado\/wp-content\/uploads\/2024\/10\/2148357787-1920x1282.jpg 1920w, https:\/\/webnasc.com\/eldorado\/wp-content\/uploads\/2024\/10\/2148357787-1170x781.jpg 1170w, https:\/\/webnasc.com\/eldorado\/wp-content\/uploads\/2024\/10\/2148357787-585x390.jpg 585w, https:\/\/webnasc.com\/eldorado\/wp-content\/uploads\/2024\/10\/2148357787-263x175.jpg 263w, https:\/\/webnasc.com\/eldorado\/wp-content\/uploads\/2024\/10\/2148357787.jpg 2000w\" sizes=\"(max-width: 300px) 100vw, 300px\" \/><\/div>\n\t\t<\/a>\n\t\t\t\t<div class=\"elementor-post__text\">\n\t\t\t\t<h3 class=\"elementor-post__title\">\n\t\t\t<a href=\"https:\/\/webnasc.com\/eldorado\/doces-gourmet-para-abastecer-sua-despensa-com-um-toque-extra-de-sabor\/\" >\n\t\t\t\tDoces gourmet para abastecer sua despensa com um toque extra de sabor\t\t\t<\/a>\n\t\t<\/h3>\n\t\t\t\t<div class=\"elementor-post__meta-data\">\n\t\t\t\t\t<span class=\"elementor-post-date\">\n\t\t\t8 de outubro de 2024\t\t<\/span>\n\t\t\t\t<span class=\"elementor-post-avatar\">\n\t\t\tNenhum coment\u00e1rio\t\t<\/span>\n\t\t\t\t<\/div>\n\t\t\t\t<div class=\"elementor-post__excerpt\">\n\t\t\t<p>Quem n\u00e3o adora aquele toque especial de do\u00e7ura ap\u00f3s uma refei\u00e7\u00e3o ou durante o dia? Os doces gourmet t\u00eam se tornado cada vez mais populares,<\/p>\n\t\t<\/div>\n\t\t\n\t\t<a class=\"elementor-post__read-more\" href=\"https:\/\/webnasc.com\/eldorado\/doces-gourmet-para-abastecer-sua-despensa-com-um-toque-extra-de-sabor\/\" aria-label=\"Read more about Doces gourmet para abastecer sua despensa com um toque extra de sabor\" tabindex=\"-1\" >\n\t\t\tRead More \u00bb\t\t<\/a>\n\n\t\t\t\t<\/div>\n\t\t\t\t<\/article>\n\t\t\t\t<article class=\"elementor-post elementor-grid-item post-2261 post type-post status-publish format-standard has-post-thumbnail hentry category-saude-de-beleza\">\n\t\t\t\t<a class=\"elementor-post__thumbnail__link\" href=\"https:\/\/webnasc.com\/eldorado\/dicas-de-maquiagem-para-todas-as-ocasioes-5-produtos\/\" tabindex=\"-1\" >\n\t\t\t<div class=\"elementor-post__thumbnail\"><img decoding=\"async\" width=\"300\" height=\"200\" src=\"https:\/\/webnasc.com\/eldorado\/wp-content\/uploads\/2024\/09\/2148301870-300x200.jpg\" class=\"attachment-medium size-medium wp-image-2263\" alt=\"Dicas de maquiagem para todas as ocasi\u00f5es: 5 produtos que precisam estar na sua necessaire\" srcset=\"https:\/\/webnasc.com\/eldorado\/wp-content\/uploads\/2024\/09\/2148301870-300x200.jpg 300w, https:\/\/webnasc.com\/eldorado\/wp-content\/uploads\/2024\/09\/2148301870-1024x682.jpg 1024w, https:\/\/webnasc.com\/eldorado\/wp-content\/uploads\/2024\/09\/2148301870-768x512.jpg 768w, https:\/\/webnasc.com\/eldorado\/wp-content\/uploads\/2024\/09\/2148301870-1536x1024.jpg 1536w, https:\/\/webnasc.com\/eldorado\/wp-content\/uploads\/2024\/09\/2148301870-1920x1280.jpg 1920w, https:\/\/webnasc.com\/eldorado\/wp-content\/uploads\/2024\/09\/2148301870-1170x780.jpg 1170w, https:\/\/webnasc.com\/eldorado\/wp-content\/uploads\/2024\/09\/2148301870-585x390.jpg 585w, https:\/\/webnasc.com\/eldorado\/wp-content\/uploads\/2024\/09\/2148301870-263x175.jpg 263w, https:\/\/webnasc.com\/eldorado\/wp-content\/uploads\/2024\/09\/2148301870.jpg 2000w\" sizes=\"(max-width: 300px) 100vw, 300px\" \/><\/div>\n\t\t<\/a>\n\t\t\t\t<div class=\"elementor-post__text\">\n\t\t\t\t<h3 class=\"elementor-post__title\">\n\t\t\t<a href=\"https:\/\/webnasc.com\/eldorado\/dicas-de-maquiagem-para-todas-as-ocasioes-5-produtos\/\" >\n\t\t\t\tDicas de maquiagem para todas as ocasi\u00f5es: 5 produtos que precisam estar na sua necessaire\t\t\t<\/a>\n\t\t<\/h3>\n\t\t\t\t<div class=\"elementor-post__meta-data\">\n\t\t\t\t\t<span class=\"elementor-post-date\">\n\t\t\t30 de setembro de 2024\t\t<\/span>\n\t\t\t\t<span class=\"elementor-post-avatar\">\n\t\t\tNenhum coment\u00e1rio\t\t<\/span>\n\t\t\t\t<\/div>\n\t\t\t\t<div class=\"elementor-post__excerpt\">\n\t\t\t<p>No mundo da maquiagem, \u00e9 f\u00e1cil se perder em meio \u00e0 infinidade de produtos e tend\u00eancias que surgem constantemente.\u00a0 Mas antes de cair nessa tenta\u00e7\u00e3o,<\/p>\n\t\t<\/div>\n\t\t\n\t\t<a class=\"elementor-post__read-more\" href=\"https:\/\/webnasc.com\/eldorado\/dicas-de-maquiagem-para-todas-as-ocasioes-5-produtos\/\" aria-label=\"Read more about Dicas de maquiagem para todas as ocasi\u00f5es: 5 produtos que precisam estar na sua necessaire\" tabindex=\"-1\" >\n\t\t\tRead More \u00bb\t\t<\/a>\n\n\t\t\t\t<\/div>\n\t\t\t\t<\/article>\n\t\t\t\t<article class=\"elementor-post elementor-grid-item post-2256 post type-post status-publish format-standard has-post-thumbnail hentry category-saude-de-beleza\">\n\t\t\t\t<a class=\"elementor-post__thumbnail__link\" href=\"https:\/\/webnasc.com\/eldorado\/como-escolher-o-tenis-de-corrida-perfeito-para-seus-treinos\/\" tabindex=\"-1\" >\n\t\t\t<div class=\"elementor-post__thumbnail\"><img loading=\"lazy\" decoding=\"async\" width=\"300\" height=\"200\" src=\"https:\/\/webnasc.com\/eldorado\/wp-content\/uploads\/2024\/09\/29318-300x200.jpg\" class=\"attachment-medium size-medium wp-image-2258\" alt=\"Como escolher o t\u00eanis de corrida perfeito para seus treinos\" srcset=\"https:\/\/webnasc.com\/eldorado\/wp-content\/uploads\/2024\/09\/29318-300x200.jpg 300w, https:\/\/webnasc.com\/eldorado\/wp-content\/uploads\/2024\/09\/29318-1024x682.jpg 1024w, https:\/\/webnasc.com\/eldorado\/wp-content\/uploads\/2024\/09\/29318-768x512.jpg 768w, https:\/\/webnasc.com\/eldorado\/wp-content\/uploads\/2024\/09\/29318-1536x1024.jpg 1536w, https:\/\/webnasc.com\/eldorado\/wp-content\/uploads\/2024\/09\/29318-1920x1280.jpg 1920w, https:\/\/webnasc.com\/eldorado\/wp-content\/uploads\/2024\/09\/29318-1170x780.jpg 1170w, https:\/\/webnasc.com\/eldorado\/wp-content\/uploads\/2024\/09\/29318-585x390.jpg 585w, https:\/\/webnasc.com\/eldorado\/wp-content\/uploads\/2024\/09\/29318-263x175.jpg 263w, https:\/\/webnasc.com\/eldorado\/wp-content\/uploads\/2024\/09\/29318.jpg 2000w\" sizes=\"(max-width: 300px) 100vw, 300px\" \/><\/div>\n\t\t<\/a>\n\t\t\t\t<div class=\"elementor-post__text\">\n\t\t\t\t<h3 class=\"elementor-post__title\">\n\t\t\t<a href=\"https:\/\/webnasc.com\/eldorado\/como-escolher-o-tenis-de-corrida-perfeito-para-seus-treinos\/\" >\n\t\t\t\tComo escolher o t\u00eanis de corrida perfeito para seus treinos\t\t\t<\/a>\n\t\t<\/h3>\n\t\t\t\t<div class=\"elementor-post__meta-data\">\n\t\t\t\t\t<span class=\"elementor-post-date\">\n\t\t\t27 de setembro de 2024\t\t<\/span>\n\t\t\t\t<span class=\"elementor-post-avatar\">\n\t\t\tNenhum coment\u00e1rio\t\t<\/span>\n\t\t\t\t<\/div>\n\t\t\t\t<div class=\"elementor-post__excerpt\">\n\t\t\t<p>Escolher o t\u00eanis de corrida ideal pode parecer uma tarefa simples \u2013 mas, na verdade, envolve diversos fatores importantes! Cada corredor tem necessidades espec\u00edficas, que<\/p>\n\t\t<\/div>\n\t\t\n\t\t<a class=\"elementor-post__read-more\" href=\"https:\/\/webnasc.com\/eldorado\/como-escolher-o-tenis-de-corrida-perfeito-para-seus-treinos\/\" aria-label=\"Read more about Como escolher o t\u00eanis de corrida perfeito para seus treinos\" tabindex=\"-1\" >\n\t\t\tRead More \u00bb\t\t<\/a>\n\n\t\t\t\t<\/div>\n\t\t\t\t<\/article>\n\t\t\t\t<article class=\"elementor-post elementor-grid-item post-2251 post type-post status-publish format-standard has-post-thumbnail hentry category-saude-de-beleza\">\n\t\t\t\t<a class=\"elementor-post__thumbnail__link\" href=\"https:\/\/webnasc.com\/eldorado\/bibi-o-tenis-infantil-que-seu-pequeno-merece\/\" tabindex=\"-1\" >\n\t\t\t<div class=\"elementor-post__thumbnail\"><img loading=\"lazy\" decoding=\"async\" width=\"300\" height=\"200\" src=\"https:\/\/webnasc.com\/eldorado\/wp-content\/uploads\/2024\/09\/2149214022-300x200.jpg\" class=\"attachment-medium size-medium wp-image-2253\" alt=\"Bibi: o t\u00eanis infantil que seu pequeno merece!\" srcset=\"https:\/\/webnasc.com\/eldorado\/wp-content\/uploads\/2024\/09\/2149214022-300x200.jpg 300w, https:\/\/webnasc.com\/eldorado\/wp-content\/uploads\/2024\/09\/2149214022-1024x681.jpg 1024w, https:\/\/webnasc.com\/eldorado\/wp-content\/uploads\/2024\/09\/2149214022-768x511.jpg 768w, https:\/\/webnasc.com\/eldorado\/wp-content\/uploads\/2024\/09\/2149214022-1170x778.jpg 1170w, https:\/\/webnasc.com\/eldorado\/wp-content\/uploads\/2024\/09\/2149214022-585x389.jpg 585w, https:\/\/webnasc.com\/eldorado\/wp-content\/uploads\/2024\/09\/2149214022-263x175.jpg 263w, https:\/\/webnasc.com\/eldorado\/wp-content\/uploads\/2024\/09\/2149214022.jpg 1500w\" sizes=\"(max-width: 300px) 100vw, 300px\" \/><\/div>\n\t\t<\/a>\n\t\t\t\t<div class=\"elementor-post__text\">\n\t\t\t\t<h3 class=\"elementor-post__title\">\n\t\t\t<a href=\"https:\/\/webnasc.com\/eldorado\/bibi-o-tenis-infantil-que-seu-pequeno-merece\/\" >\n\t\t\t\tBibi: o t\u00eanis que seu pequeno merece!\t\t\t<\/a>\n\t\t<\/h3>\n\t\t\t\t<div class=\"elementor-post__meta-data\">\n\t\t\t\t\t<span class=\"elementor-post-date\">\n\t\t\t13 de setembro de 2024\t\t<\/span>\n\t\t\t\t<span class=\"elementor-post-avatar\">\n\t\t\tNenhum coment\u00e1rio\t\t<\/span>\n\t\t\t\t<\/div>\n\t\t\t\t<div class=\"elementor-post__excerpt\">\n\t\t\t<p>Quando se trata de escolher o cal\u00e7ado ideal para as crian\u00e7as, a qualidade \u00e9 um fator que n\u00e3o pode ser ignorado! Os p\u00e9s dos pequenos<\/p>\n\t\t<\/div>\n\t\t\n\t\t<a class=\"elementor-post__read-more\" href=\"https:\/\/webnasc.com\/eldorado\/bibi-o-tenis-infantil-que-seu-pequeno-merece\/\" aria-label=\"Read more about Bibi: o t\u00eanis que seu pequeno merece!\" tabindex=\"-1\" >\n\t\t\tRead More \u00bb\t\t<\/a>\n\n\t\t\t\t<\/div>\n\t\t\t\t<\/article>\n\t\t\t\t<article class=\"elementor-post elementor-grid-item post-2247 post type-post status-publish format-standard has-post-thumbnail hentry category-saude-de-beleza\">\n\t\t\t\t<a class=\"elementor-post__thumbnail__link\" href=\"https:\/\/webnasc.com\/eldorado\/suplementos-essenciais-para-uma-vida-saudavel\/\" tabindex=\"-1\" >\n\t\t\t<div class=\"elementor-post__thumbnail\"><img loading=\"lazy\" decoding=\"async\" width=\"300\" height=\"202\" src=\"https:\/\/webnasc.com\/eldorado\/wp-content\/uploads\/2024\/09\/2148533420-2-300x202.jpg\" class=\"attachment-medium size-medium wp-image-2248\" alt=\"Suplementos essenciais para uma vida saud\u00e1vel: voc\u00ea sabe como escolher os melhores?\" srcset=\"https:\/\/webnasc.com\/eldorado\/wp-content\/uploads\/2024\/09\/2148533420-2-300x202.jpg 300w, https:\/\/webnasc.com\/eldorado\/wp-content\/uploads\/2024\/09\/2148533420-2-1024x688.jpg 1024w, https:\/\/webnasc.com\/eldorado\/wp-content\/uploads\/2024\/09\/2148533420-2-768x516.jpg 768w, https:\/\/webnasc.com\/eldorado\/wp-content\/uploads\/2024\/09\/2148533420-2-1170x786.jpg 1170w, https:\/\/webnasc.com\/eldorado\/wp-content\/uploads\/2024\/09\/2148533420-2-585x393.jpg 585w, https:\/\/webnasc.com\/eldorado\/wp-content\/uploads\/2024\/09\/2148533420-2.jpg 1493w\" sizes=\"(max-width: 300px) 100vw, 300px\" \/><\/div>\n\t\t<\/a>\n\t\t\t\t<div class=\"elementor-post__text\">\n\t\t\t\t<h3 class=\"elementor-post__title\">\n\t\t\t<a href=\"https:\/\/webnasc.com\/eldorado\/suplementos-essenciais-para-uma-vida-saudavel\/\" >\n\t\t\t\tSuplementos essenciais para uma vida saud\u00e1vel: voc\u00ea sabe como escolher os melhores?\t\t\t<\/a>\n\t\t<\/h3>\n\t\t\t\t<div class=\"elementor-post__meta-data\">\n\t\t\t\t\t<span class=\"elementor-post-date\">\n\t\t\t11 de setembro de 2024\t\t<\/span>\n\t\t\t\t<span class=\"elementor-post-avatar\">\n\t\t\tNenhum coment\u00e1rio\t\t<\/span>\n\t\t\t\t<\/div>\n\t\t\t\t<div class=\"elementor-post__excerpt\">\n\t\t\t<p>Nos \u00faltimos anos, a busca por uma vida saud\u00e1vel e equilibrada se intensificou, e os alimentos naturais, pr\u00e1ticas regulares de atividades f\u00edsicas e a ades\u00e3o<\/p>\n\t\t<\/div>\n\t\t\n\t\t<a class=\"elementor-post__read-more\" href=\"https:\/\/webnasc.com\/eldorado\/suplementos-essenciais-para-uma-vida-saudavel\/\" aria-label=\"Read more about Suplementos essenciais para uma vida saud\u00e1vel: voc\u00ea sabe como escolher os melhores?\" tabindex=\"-1\" >\n\t\t\tRead More \u00bb\t\t<\/a>\n\n\t\t\t\t<\/div>\n\t\t\t\t<\/article>\n\t\t\t\t<\/div>\n\t\t\n\t\t\t\t\t\t<\/div>\n\t\t\t\t<\/div>\n\t\t\t\t\t<\/div>\n\t\t<\/div>\n\t\t\t\t\t<\/div>\n\t\t<\/section>\n\t\t\t\t<\/div>\n\t\t","protected":false},"excerpt":{"rendered":"","protected":false},"author":1,"featured_media":0,"parent":0,"menu_order":0,"comment_status":"closed","ping_status":"closed","template":"","meta":{"footnotes":""},"class_list":["post-2376","page","type-page","status-publish","hentry"],"yoast_head":"<!-- This site is optimized with the Yoast SEO plugin v27.2 - https:\/\/yoast.com\/product\/yoast-seo-wordpress\/ -->\n<title>Blog do Shopping Eldorado - O seu shopping favorito agora entrega na sua casa! Vem para o Shopping Eldorado Store<\/title>\n<meta name=\"description\" content=\"O seu shopping favorito agora entrega na sua casa! Vem para o Shopping Eldorado Store\" \/>\n<meta name=\"robots\" content=\"index, follow, max-snippet:-1, max-image-preview:large, max-video-preview:-1\" \/>\n<link rel=\"canonical\" href=\"https:\/\/webnasc.com\/eldorado\/\" \/>\n<meta property=\"og:locale\" content=\"pt_BR\" \/>\n<meta property=\"og:type\" content=\"article\" \/>\n<meta property=\"og:title\" content=\"Blog do Shopping Eldorado - O seu shopping favorito agora entrega na sua casa! Vem para o Shopping Eldorado Store\" \/>\n<meta property=\"og:description\" content=\"O seu shopping favorito agora entrega na sua casa! Vem para o Shopping Eldorado Store\" \/>\n<meta property=\"og:url\" content=\"https:\/\/webnasc.com\/eldorado\/\" \/>\n<meta property=\"og:site_name\" content=\"Blog do Shopping Eldorado\" \/>\n<meta property=\"article:modified_time\" content=\"2024-11-27T13:18:14+00:00\" \/>\n<meta name=\"twitter:card\" content=\"summary_large_image\" \/>\n<script type=\"application\/ld+json\" class=\"yoast-schema-graph\">{\"@context\":\"https:\/\/schema.org\",\"@graph\":[{\"@type\":\"WebPage\",\"@id\":\"https:\/\/webnasc.com\/eldorado\/\",\"url\":\"https:\/\/webnasc.com\/eldorado\/\",\"name\":\"Blog do Shopping Eldorado - O seu shopping favorito agora entrega na sua casa! Vem para o Shopping Eldorado Store\",\"isPartOf\":{\"@id\":\"https:\/\/webnasc.com\/eldorado\/#website\"},\"datePublished\":\"2024-11-23T17:20:28+00:00\",\"dateModified\":\"2024-11-27T13:18:14+00:00\",\"description\":\"O seu shopping favorito agora entrega na sua casa! Vem para o Shopping Eldorado Store\",\"breadcrumb\":{\"@id\":\"https:\/\/webnasc.com\/eldorado\/#breadcrumb\"},\"inLanguage\":\"pt-BR\",\"potentialAction\":[{\"@type\":\"ReadAction\",\"target\":[\"https:\/\/webnasc.com\/eldorado\/\"]}]},{\"@type\":\"BreadcrumbList\",\"@id\":\"https:\/\/webnasc.com\/eldorado\/#breadcrumb\",\"itemListElement\":[{\"@type\":\"ListItem\",\"position\":1,\"name\":\"Home\",\"item\":\"https:\/\/webnasc.com\/eldorado\/\"},{\"@type\":\"ListItem\",\"position\":2,\"name\":\"Home\"}]},{\"@type\":\"WebSite\",\"@id\":\"https:\/\/webnasc.com\/eldorado\/#website\",\"url\":\"https:\/\/webnasc.com\/eldorado\/\",\"name\":\"Blog do Shopping Eldorado\",\"description\":\"O seu shopping favorito agora entrega na sua casa! Vem para o Shopping Eldorado Store\",\"potentialAction\":[{\"@type\":\"SearchAction\",\"target\":{\"@type\":\"EntryPoint\",\"urlTemplate\":\"https:\/\/webnasc.com\/eldorado\/?s={search_term_string}\"},\"query-input\":{\"@type\":\"PropertyValueSpecification\",\"valueRequired\":true,\"valueName\":\"search_term_string\"}}],\"inLanguage\":\"pt-BR\"}]}<\/script>\n<!-- \/ Yoast SEO plugin. -->","yoast_head_json":{"title":"Blog do Shopping Eldorado - O seu shopping favorito agora entrega na sua casa! Vem para o Shopping Eldorado Store","description":"O seu shopping favorito agora entrega na sua casa! Vem para o Shopping Eldorado Store","robots":{"index":"index","follow":"follow","max-snippet":"max-snippet:-1","max-image-preview":"max-image-preview:large","max-video-preview":"max-video-preview:-1"},"canonical":"https:\/\/webnasc.com\/eldorado\/","og_locale":"pt_BR","og_type":"article","og_title":"Blog do Shopping Eldorado - O seu shopping favorito agora entrega na sua casa! Vem para o Shopping Eldorado Store","og_description":"O seu shopping favorito agora entrega na sua casa! Vem para o Shopping Eldorado Store","og_url":"https:\/\/webnasc.com\/eldorado\/","og_site_name":"Blog do Shopping Eldorado","article_modified_time":"2024-11-27T13:18:14+00:00","twitter_card":"summary_large_image","schema":{"@context":"https:\/\/schema.org","@graph":[{"@type":"WebPage","@id":"https:\/\/webnasc.com\/eldorado\/","url":"https:\/\/webnasc.com\/eldorado\/","name":"Blog do Shopping Eldorado - O seu shopping favorito agora entrega na sua casa! Vem para o Shopping Eldorado Store","isPartOf":{"@id":"https:\/\/webnasc.com\/eldorado\/#website"},"datePublished":"2024-11-23T17:20:28+00:00","dateModified":"2024-11-27T13:18:14+00:00","description":"O seu shopping favorito agora entrega na sua casa! Vem para o Shopping Eldorado Store","breadcrumb":{"@id":"https:\/\/webnasc.com\/eldorado\/#breadcrumb"},"inLanguage":"pt-BR","potentialAction":[{"@type":"ReadAction","target":["https:\/\/webnasc.com\/eldorado\/"]}]},{"@type":"BreadcrumbList","@id":"https:\/\/webnasc.com\/eldorado\/#breadcrumb","itemListElement":[{"@type":"ListItem","position":1,"name":"Home","item":"https:\/\/webnasc.com\/eldorado\/"},{"@type":"ListItem","position":2,"name":"Home"}]},{"@type":"WebSite","@id":"https:\/\/webnasc.com\/eldorado\/#website","url":"https:\/\/webnasc.com\/eldorado\/","name":"Blog do Shopping Eldorado","description":"O seu shopping favorito agora entrega na sua casa! Vem para o Shopping Eldorado Store","potentialAction":[{"@type":"SearchAction","target":{"@type":"EntryPoint","urlTemplate":"https:\/\/webnasc.com\/eldorado\/?s={search_term_string}"},"query-input":{"@type":"PropertyValueSpecification","valueRequired":true,"valueName":"search_term_string"}}],"inLanguage":"pt-BR"}]}},"_links":{"self":[{"href":"https:\/\/webnasc.com\/eldorado\/wp-json\/wp\/v2\/pages\/2376","targetHints":{"allow":["GET"]}}],"collection":[{"href":"https:\/\/webnasc.com\/eldorado\/wp-json\/wp\/v2\/pages"}],"about":[{"href":"https:\/\/webnasc.com\/eldorado\/wp-json\/wp\/v2\/types\/page"}],"author":[{"embeddable":true,"href":"https:\/\/webnasc.com\/eldorado\/wp-json\/wp\/v2\/users\/1"}],"replies":[{"embeddable":true,"href":"https:\/\/webnasc.com\/eldorado\/wp-json\/wp\/v2\/comments?post=2376"}],"version-history":[{"count":7,"href":"https:\/\/webnasc.com\/eldorado\/wp-json\/wp\/v2\/pages\/2376\/revisions"}],"predecessor-version":[{"id":2384,"href":"https:\/\/webnasc.com\/eldorado\/wp-json\/wp\/v2\/pages\/2376\/revisions\/2384"}],"wp:attachment":[{"href":"https:\/\/webnasc.com\/eldorado\/wp-json\/wp\/v2\/media?parent=2376"}],"curies":[{"name":"wp","href":"https:\/\/api.w.org\/{rel}","templated":true}]}}